{"id":5042,"date":"2019-05-13T14:49:09","date_gmt":"2019-05-13T12:49:09","guid":{"rendered":"https:\/\/www.wegener-stahlservice.com\/?page_id=5042"},"modified":"2024-04-15T18:34:22","modified_gmt":"2024-04-15T16:34:22","slug":"colofon","status":"publish","type":"page","link":"https:\/\/www.wegener-stahlservice.com\/nl\/contact\/colofon\/","title":{"rendered":"Colofon"},"content":{"rendered":"<div uk-lightbox=\"toggle:.lightbox_image\"><div id=\"pl-5042\"  class=\"panel-layout\" ><div id=\"pg-5042-0\"  class=\"panel-grid panel-no-style\" ><div id=\"pgc-5042-0-0\"  class=\"panel-grid-cell\" ><div id=\"panel-5042-0-0-0\" class=\"so-panel widget widget_sow-editor panel-first-child panel-last-child\" data-index=\"0\" ><div\n\t\t\t\n\t\t\tclass=\"so-widget-sow-editor so-widget-sow-editor-base\"\n\t\t\t\n\t\t>\n<div class=\"siteorigin-widget-tinymce textwidget\">\n\t<p>Wegener Stahlservice KG<br \/>\nAveresch 58<br \/>\n48683 Ahaus<br \/>\nTelefon: 02561 93400<br \/>\nTelefax: 02561 934010<br \/>\nE-Mail: Info@wegener-stahlservice.de<br \/>\nInternet: www.wegener-stahlservice.de<br \/>\nWegener Stahlservice KG wordt vertegenwoordigd door: bedrijfsleider Frank Wegener, Reinhard Terbrack<\/p>\n<p>Bevoegde rechterlijke instantie: Amtsgericht Coesfeld<br \/>\nHandelsregister<br \/>\nRegisternummer: HRA 7057<\/p>\n<p>Bevoegde kamer: Handwerkskammer M\u00fcnster, Echelmeyerstra\u00dfe 1-2, 48163 M\u00fcnster<br \/>\nBeroepstitel: Meester slotenmaker (verleend in de Bondsrepubliek Duitsland)<br \/>\nBeroepsregels: Handwerkverordening (Duits Bondswetblad I, pagina 3074 in de versie van 24-09-1998).<\/p>\n<p>Omzetbelastingnummer volgens \u00a7 27z Omzetbelastingwetgeving: DE280695205<\/p>\n<p><strong>Aanvullende aanwijzingen:<\/strong><\/p>\n<p><strong>Illustratieverantwoording<\/strong><\/p>\n<p>Deze internetpresentatie is onder andere gebaseerd op betekenisvolle afbeeldingen en foto's. Ze ondersteunen de authentieke presentatie van het bedrijf Wegener Stahlservice KG en haar diensten en producten op het gebied van de kwalitatief hoogwaardige productie van stalen onderdelen. Een aantal van deze opnamen zijn gefotografeerd door <a href=\"https:\/\/schmitz-konzept.de\/\" target=\"_blank\" rel=\"noopener\">Werbeagentur Schmitz Konzept UG<\/a>.<\/p>\n<p>AdobeStock_96820284.jpeg - \u00a9 Jaroslav Pach\u00fd Sr. - stock.adobe.com<br \/>\nAdobeStock_122708637.jpeg - \u00a9 Sergii Figurnyi - stock.adobe.com<br \/>\nAdobeStock_126170149.jpeg - \u00a9 antonmatveev - stock.adobe.com<br \/>\nAdobeStock_156245597.jpeg - \u00a9 Mats - stock.adobe.com<br \/>\nAdobeStock_198336770.jpeg - \u00a9 Juozas55 - stock.adobe.com<br \/>\nAdobeStock_223321943.jpeg - \u00a9 Image'in - stock.adobe.com<\/p>\n<p><strong>Internetagentschap<\/strong><\/p>\n<p>De focus van deze internetpresentatie ligt op de producten en diensten van WEGENER Stahlservice KG in combinatie met de doelmarkten met betrekking tot staalplaten, rvs platen en de bewerking van platen. Van het buigen via het snijden tot aan het ponsen en stansen worden bovendien de belangrijkste servicegebieden gepresenteerd. Deze <a href=\"https:\/\/web-hoch2.de\/webentwicklung\/website-individuell\/\" target=\"_blank\" rel=\"noopener\">professionele website<\/a> is gebaseerd op het concept en de uitvoering door WEG HOCH ZWEI GmbH uit Gescher, een creactief bureau dat verantwoordelijk was en is voor het webdesign en de programmering.<\/p>\n<p>Dit document is opgesteld en wordt bijgewerkt met de technologie van <a href=\"https:\/\/www.datenschutz-janolaw.de\/\" target=\"_blank\" rel=\"noopener\">janolaw AG<\/a>.<\/p>\n<\/div>\n<\/div><\/div><\/div><\/div><\/div><\/div>","protected":false},"excerpt":{"rendered":"<p>Wegener Stahlservice KG Averesch 58 48683 Ahaus Telefon: 02561 93400 Telefax: 02561 934010 E-Mail: Info@wegener-stahlservice.de Internet: www.wegener-stahlservice.de Wegener Stahlservice KG wordt vertegenwoordigd door: bedrijfsleider Frank Wegener, Reinhard Terbrack Bevoegde rechterlijke instantie: Amtsgericht Coesfeld Handelsregister Registernummer: HRA 7057 Bevoegde kamer: Handwerkskammer M\u00fcnster, Echelmeyerstra\u00dfe 1-2, 48163 M\u00fcnster Beroepstitel: Meester slotenmaker (verleend in de Bondsrepubliek Duitsland) Beroepsregels: Handwerkverordening [&hellip;]<\/p>\n","protected":false},"author":4,"featured_media":4794,"parent":5038,"menu_order":0,"comment_status":"closed","ping_status":"closed","template":"","meta":{"footnotes":""},"class_list":["post-5042","page","type-page","status-publish","has-post-thumbnail","hentry"],"yoast_head":"<!-- This site is optimized with the Yoast SEO plugin v27.4 - https:\/\/yoast.com\/product\/yoast-seo-wordpress\/ -->\n<title>Colofon - Stahlservice Wegener<\/title>\n<meta name=\"description\" content=\"Ihr Spezialist f\u00fcr Stahlbearbeitung aus dem M\u00fcnsterland\" \/>\n<meta name=\"robots\" content=\"index, follow, max-snippet:-1, max-image-preview:large, max-video-preview:-1\" \/>\n<link rel=\"canonical\" href=\"https:\/\/www.wegener-stahlservice.com\/nl\/contact\/colofon\/\" \/>\n<meta property=\"og:locale\" content=\"nl_NL\" \/>\n<meta property=\"og:type\" content=\"article\" \/>\n<meta property=\"og:title\" content=\"Colofon - Stahlservice Wegener\" \/>\n<meta property=\"og:description\" content=\"Ihr Spezialist f\u00fcr Stahlbearbeitung aus dem M\u00fcnsterland\" \/>\n<meta property=\"og:url\" content=\"https:\/\/www.wegener-stahlservice.com\/nl\/contact\/colofon\/\" \/>\n<meta property=\"og:site_name\" content=\"Stahlservice Wegener\" \/>\n<meta property=\"article:modified_time\" content=\"2024-04-15T16:34:22+00:00\" \/>\n<meta property=\"og:image\" content=\"https:\/\/www.wegener-stahlservice.com\/wp-content\/uploads\/2019\/05\/wegener-stahlservice-abcoilanlage-blechausgabe-nahaufnahme.jpg\" \/>\n\t<meta property=\"og:image:width\" content=\"1838\" \/>\n\t<meta property=\"og:image:height\" content=\"1280\" \/>\n\t<meta property=\"og:image:type\" content=\"image\/jpeg\" \/>\n<meta name=\"twitter:card\" content=\"summary_large_image\" \/>\n<meta name=\"twitter:label1\" content=\"Geschatte leestijd\" \/>\n\t<meta name=\"twitter:data1\" content=\"2 minuten\" \/>\n<!-- \/ Yoast SEO plugin. -->","yoast_head_json":{"title":"Colofon - Stahlservice Wegener","description":"Ihr Spezialist f\u00fcr Stahlbearbeitung aus dem M\u00fcnsterland","robots":{"index":"index","follow":"follow","max-snippet":"max-snippet:-1","max-image-preview":"max-image-preview:large","max-video-preview":"max-video-preview:-1"},"canonical":"https:\/\/www.wegener-stahlservice.com\/nl\/contact\/colofon\/","og_locale":"nl_NL","og_type":"article","og_title":"Colofon - Stahlservice Wegener","og_description":"Ihr Spezialist f\u00fcr Stahlbearbeitung aus dem M\u00fcnsterland","og_url":"https:\/\/www.wegener-stahlservice.com\/nl\/contact\/colofon\/","og_site_name":"Stahlservice Wegener","article_modified_time":"2024-04-15T16:34:22+00:00","og_image":[{"width":1838,"height":1280,"url":"https:\/\/www.wegener-stahlservice.com\/wp-content\/uploads\/2019\/05\/wegener-stahlservice-abcoilanlage-blechausgabe-nahaufnahme.jpg","type":"image\/jpeg"}],"twitter_card":"summary_large_image","twitter_misc":{"Geschatte leestijd":"2 minuten"},"schema":{"@context":"https:\/\/schema.org","@graph":[{"@type":"WebPage","@id":"https:\/\/www.wegener-stahlservice.com\/nl\/contact\/colofon\/","url":"https:\/\/www.wegener-stahlservice.com\/nl\/contact\/colofon\/","name":"Colofon - Stahlservice Wegener","isPartOf":{"@id":"https:\/\/www.wegener-stahlservice.com\/nl\/#website"},"primaryImageOfPage":{"@id":"https:\/\/www.wegener-stahlservice.com\/nl\/contact\/colofon\/#primaryimage"},"image":{"@id":"https:\/\/www.wegener-stahlservice.com\/nl\/contact\/colofon\/#primaryimage"},"thumbnailUrl":"https:\/\/www.wegener-stahlservice.com\/wp-content\/uploads\/2019\/05\/wegener-stahlservice-abcoilanlage-blechausgabe-nahaufnahme.jpg","datePublished":"2019-05-13T12:49:09+00:00","dateModified":"2024-04-15T16:34:22+00:00","description":"Ihr Spezialist f\u00fcr Stahlbearbeitung aus dem M\u00fcnsterland","breadcrumb":{"@id":"https:\/\/www.wegener-stahlservice.com\/nl\/contact\/colofon\/#breadcrumb"},"inLanguage":"nl-NL","potentialAction":[{"@type":"ReadAction","target":["https:\/\/www.wegener-stahlservice.com\/nl\/contact\/colofon\/"]}]},{"@type":"ImageObject","inLanguage":"nl-NL","@id":"https:\/\/www.wegener-stahlservice.com\/nl\/contact\/colofon\/#primaryimage","url":"https:\/\/www.wegener-stahlservice.com\/wp-content\/uploads\/2019\/05\/wegener-stahlservice-abcoilanlage-blechausgabe-nahaufnahme.jpg","contentUrl":"https:\/\/www.wegener-stahlservice.com\/wp-content\/uploads\/2019\/05\/wegener-stahlservice-abcoilanlage-blechausgabe-nahaufnahme.jpg","width":1838,"height":1280},{"@type":"BreadcrumbList","@id":"https:\/\/www.wegener-stahlservice.com\/nl\/contact\/colofon\/#breadcrumb","itemListElement":[{"@type":"ListItem","position":1,"name":"Home","item":"https:\/\/www.wegener-stahlservice.com\/nl\/"},{"@type":"ListItem","position":2,"name":"Contact","item":"https:\/\/www.wegener-stahlservice.com\/nl\/contact\/"},{"@type":"ListItem","position":3,"name":"Colofon"}]},{"@type":"WebSite","@id":"https:\/\/www.wegener-stahlservice.com\/nl\/#website","url":"https:\/\/www.wegener-stahlservice.com\/nl\/","name":"Stahlservice Wegener","description":"Ihr Spezialist f\u00fcr Stahlbearbeitung aus dem M\u00fcnsterland","publisher":{"@id":"https:\/\/www.wegener-stahlservice.com\/nl\/#organization"},"potentialAction":[{"@type":"SearchAction","target":{"@type":"EntryPoint","urlTemplate":"https:\/\/www.wegener-stahlservice.com\/nl\/?s={search_term_string}"},"query-input":{"@type":"PropertyValueSpecification","valueRequired":true,"valueName":"search_term_string"}}],"inLanguage":"nl-NL"},{"@type":"Organization","@id":"https:\/\/www.wegener-stahlservice.com\/nl\/#organization","name":"Wegener Stahlservice KG","url":"https:\/\/www.wegener-stahlservice.com\/nl\/","logo":{"@type":"ImageObject","inLanguage":"nl-NL","@id":"https:\/\/www.wegener-stahlservice.com\/nl\/#\/schema\/logo\/image\/","url":"https:\/\/www.wegener-stahlservice.com\/wp-content\/uploads\/2021\/09\/Wegener-Stahlservice-Logo.png","contentUrl":"https:\/\/www.wegener-stahlservice.com\/wp-content\/uploads\/2021\/09\/Wegener-Stahlservice-Logo.png","width":127,"height":124,"caption":"Wegener Stahlservice KG"},"image":{"@id":"https:\/\/www.wegener-stahlservice.com\/nl\/#\/schema\/logo\/image\/"}}]}},"_links":{"self":[{"href":"https:\/\/www.wegener-stahlservice.com\/nl\/wp-json\/wp\/v2\/pages\/5042","targetHints":{"allow":["GET"]}}],"collection":[{"href":"https:\/\/www.wegener-stahlservice.com\/nl\/wp-json\/wp\/v2\/pages"}],"about":[{"href":"https:\/\/www.wegener-stahlservice.com\/nl\/wp-json\/wp\/v2\/types\/page"}],"author":[{"embeddable":true,"href":"https:\/\/www.wegener-stahlservice.com\/nl\/wp-json\/wp\/v2\/users\/4"}],"replies":[{"embeddable":true,"href":"https:\/\/www.wegener-stahlservice.com\/nl\/wp-json\/wp\/v2\/comments?post=5042"}],"version-history":[{"count":4,"href":"https:\/\/www.wegener-stahlservice.com\/nl\/wp-json\/wp\/v2\/pages\/5042\/revisions"}],"predecessor-version":[{"id":5739,"href":"https:\/\/www.wegener-stahlservice.com\/nl\/wp-json\/wp\/v2\/pages\/5042\/revisions\/5739"}],"up":[{"embeddable":true,"href":"https:\/\/www.wegener-stahlservice.com\/nl\/wp-json\/wp\/v2\/pages\/5038"}],"wp:featuredmedia":[{"embeddable":true,"href":"https:\/\/www.wegener-stahlservice.com\/nl\/wp-json\/wp\/v2\/media\/4794"}],"wp:attachment":[{"href":"https:\/\/www.wegener-stahlservice.com\/nl\/wp-json\/wp\/v2\/media?parent=5042"}],"curies":[{"name":"wp","href":"https:\/\/api.w.org\/{rel}","templated":true}]}}