{"id":3309,"date":"2019-05-10T11:53:56","date_gmt":"2019-05-10T09:53:56","guid":{"rendered":"https:\/\/www.wegener-stahlservice.com\/?page_id=3309"},"modified":"2024-04-15T17:34:29","modified_gmt":"2024-04-15T15:34:29","slug":"traitement-des-toles","status":"publish","type":"page","link":"https:\/\/www.wegener-stahlservice.com\/fr\/traitement-des-toles\/","title":{"rendered":"Traitement des t\u00f4les"},"content":{"rendered":"<div uk-lightbox=\"toggle:.lightbox_image\"><div id=\"pl-3309\"  class=\"panel-layout\" ><div id=\"pg-3309-0\"  class=\"panel-grid panel-no-style\" ><div id=\"pgc-3309-0-0\"  class=\"panel-grid-cell\" ><div id=\"panel-3309-0-0-0\" class=\"so-panel widget widget_web2_title_widget panel-first-child\" data-index=\"0\" ><div\n\t\t\t\n\t\t\tclass=\"so-widget-web2_title_widget so-widget-web2_title_widget-default-d75171398898-3309\"\n\t\t\t\n\t\t><div class=\"page--title\"><h1 class=\"web2-title textalign--left title--styled narrow web2-title-- uk-text-left page-title title\"><span class=\"web2-title--headline\">Traitement des t\u00f4les.<\/span><span class=\"web2-title--subline\"><\/span><\/h1><\/div><\/div><\/div><div id=\"panel-3309-0-0-1\" class=\"so-panel widget widget_sow-editor panel-last-child\" data-index=\"1\" ><div\n\t\t\t\n\t\t\tclass=\"so-widget-sow-editor so-widget-sow-editor-base\"\n\t\t\t\n\t\t>\n<div class=\"siteorigin-widget-tinymce textwidget\">\n\t<p>Nos services de traitement comprennent le d\u00e9roulage, la d\u00e9coupe, le pliage et le parach\u00e8vement de vos profils en t\u00f4le. En fonction de vos exigences, nous avons \u00e9galement recours \u00e0 d'autres technologies de d\u00e9coupe, comme la d\u00e9coupe par cisaillement, au laser, au plasma ou autog\u00e8ne et l'emboutissage.<\/p>\n<p>Si vous avez d'autres exigences portant sur la fabrication, n'h\u00e9sitez pas \u00e0 nous contacter.<\/p>\n<p>Si un autre processus offre une solution optimale pour vos besoins, nous adaptons notre production en cons\u00e9quence.<\/p>\n<\/div>\n<\/div><\/div><\/div><div id=\"pgc-3309-0-1\"  class=\"panel-grid-cell\" ><div id=\"panel-3309-0-1-0\" class=\"so-panel widget widget_media_gallery panel-first-child panel-last-child\" data-index=\"2\" ><div class='uk-child-width-1-2 uk-child-width-1-2@s'  uk-grid uk-lightbox><div class=\"uk-text-center\"><div class=\"uk-display-inline-block\"><a href=\"https:\/\/www.wegener-stahlservice.com\/wp-content\/uploads\/2022\/08\/20220210-11-15-04-DSA04028-OPT-SCHMITZ-JES-kl-1.jpg\" XXX rel=\"lightbox\" class=\"lightbox_image\"><img src='https:\/\/www.wegener-stahlservice.com\/wp-content\/uploads\/2022\/08\/20220210-11-15-04-DSA04028-OPT-SCHMITZ-JES-kl-1.jpg'><\/a><div class='uk-text-center caption'><small><\/small><\/div><\/div><\/div><div class=\"uk-text-center\"><div class=\"uk-display-inline-block\"><a href=\"https:\/\/www.wegener-stahlservice.com\/wp-content\/uploads\/2022\/08\/blechbearbeitung-wegener-stahlservice-cnc-laserschneidzentrum.jpg\" XXX rel=\"lightbox\" class=\"lightbox_image\"><img src='https:\/\/www.wegener-stahlservice.com\/wp-content\/uploads\/2022\/08\/blechbearbeitung-wegener-stahlservice-cnc-laserschneidzentrum.jpg'><\/a><div class='uk-text-center caption'><small>Mitarbeiter der den Laservorgang \u00fcberwacht.<\/small><\/div><\/div><\/div><div class=\"uk-text-center\"><div class=\"uk-display-inline-block\"><a href=\"https:\/\/www.wegener-stahlservice.com\/wp-content\/uploads\/2022\/08\/blechbearbeitung-laserschneiden-wegener-stahlservice-lasermaschine.jpg\" XXX rel=\"lightbox\" class=\"lightbox_image\"><img src='https:\/\/www.wegener-stahlservice.com\/wp-content\/uploads\/2022\/08\/blechbearbeitung-laserschneiden-wegener-stahlservice-lasermaschine.jpg'><\/a><div class='uk-text-center caption'><small>M\u00e4nnlicher Mitarbeiter l\u00e4chelt bei der Arbeit.<\/small><\/div><\/div><\/div><\/div><\/div><\/div><\/div><\/div><\/div>","protected":false},"excerpt":{"rendered":"<p>Nos services de traitement comprennent le d\u00e9roulage, la d\u00e9coupe, le pliage et le parach\u00e8vement de vos profils en t\u00f4le. En fonction de vos exigences, nous avons \u00e9galement recours \u00e0 d&#8217;autres technologies de d\u00e9coupe, comme la d\u00e9coupe par cisaillement, au laser, au plasma ou autog\u00e8ne et l&#8217;emboutissage. Si vous avez d&#8217;autres exigences portant sur la fabrication, [&hellip;]<\/p>\n","protected":false},"author":4,"featured_media":3311,"parent":0,"menu_order":3,"comment_status":"closed","ping_status":"closed","template":"","meta":{"footnotes":""},"class_list":["post-3309","page","type-page","status-publish","has-post-thumbnail","hentry"],"yoast_head":"<!-- This site is optimized with the Yoast SEO plugin v27.4 - https:\/\/yoast.com\/product\/yoast-seo-wordpress\/ -->\n<title>Traitement des t\u00f4les - Stahlservice Wegener<\/title>\n<meta name=\"description\" content=\"Ihr Spezialist f\u00fcr Stahlbearbeitung aus dem M\u00fcnsterland\" \/>\n<meta name=\"robots\" content=\"index, follow, max-snippet:-1, max-image-preview:large, max-video-preview:-1\" \/>\n<link rel=\"canonical\" href=\"https:\/\/www.wegener-stahlservice.com\/fr\/traitement-des-toles\/\" \/>\n<meta property=\"og:locale\" content=\"fr_FR\" \/>\n<meta property=\"og:type\" content=\"article\" \/>\n<meta property=\"og:title\" content=\"Traitement des t\u00f4les - Stahlservice Wegener\" \/>\n<meta property=\"og:description\" content=\"Ihr Spezialist f\u00fcr Stahlbearbeitung aus dem M\u00fcnsterland\" \/>\n<meta property=\"og:url\" content=\"https:\/\/www.wegener-stahlservice.com\/fr\/traitement-des-toles\/\" \/>\n<meta property=\"og:site_name\" content=\"Stahlservice Wegener\" \/>\n<meta property=\"article:modified_time\" content=\"2024-04-15T15:34:29+00:00\" \/>\n<meta property=\"og:image\" content=\"https:\/\/www.wegener-stahlservice.com\/wp-content\/uploads\/2019\/05\/abcoilanlage-blechausgabe-wegener-stahlserviceuebersicht-maschinen.jpg\" \/>\n<meta name=\"twitter:card\" content=\"summary_large_image\" \/>\n<meta name=\"twitter:label1\" content=\"Dur\u00e9e de lecture estim\u00e9e\" \/>\n\t<meta name=\"twitter:data1\" content=\"1 minute\" \/>\n<!-- \/ Yoast SEO plugin. -->","yoast_head_json":{"title":"Traitement des t\u00f4les - Stahlservice Wegener","description":"Ihr Spezialist f\u00fcr Stahlbearbeitung aus dem M\u00fcnsterland","robots":{"index":"index","follow":"follow","max-snippet":"max-snippet:-1","max-image-preview":"max-image-preview:large","max-video-preview":"max-video-preview:-1"},"canonical":"https:\/\/www.wegener-stahlservice.com\/fr\/traitement-des-toles\/","og_locale":"fr_FR","og_type":"article","og_title":"Traitement des t\u00f4les - Stahlservice Wegener","og_description":"Ihr Spezialist f\u00fcr Stahlbearbeitung aus dem M\u00fcnsterland","og_url":"https:\/\/www.wegener-stahlservice.com\/fr\/traitement-des-toles\/","og_site_name":"Stahlservice Wegener","article_modified_time":"2024-04-15T15:34:29+00:00","og_image":[{"url":"https:\/\/www.wegener-stahlservice.com\/wp-content\/uploads\/2019\/05\/abcoilanlage-blechausgabe-wegener-stahlserviceuebersicht-maschinen.jpg","type":"","width":"","height":""}],"twitter_card":"summary_large_image","twitter_misc":{"Dur\u00e9e de lecture estim\u00e9e":"1 minute"},"schema":{"@context":"https:\/\/schema.org","@graph":[{"@type":"WebPage","@id":"https:\/\/www.wegener-stahlservice.com\/fr\/traitement-des-toles\/","url":"https:\/\/www.wegener-stahlservice.com\/fr\/traitement-des-toles\/","name":"Traitement des t\u00f4les - Stahlservice Wegener","isPartOf":{"@id":"https:\/\/www.wegener-stahlservice.com\/fr\/#website"},"primaryImageOfPage":{"@id":"https:\/\/www.wegener-stahlservice.com\/fr\/traitement-des-toles\/#primaryimage"},"image":{"@id":"https:\/\/www.wegener-stahlservice.com\/fr\/traitement-des-toles\/#primaryimage"},"thumbnailUrl":"https:\/\/www.wegener-stahlservice.com\/wp-content\/uploads\/2019\/05\/abcoilanlage-blechausgabe-wegener-stahlserviceuebersicht-maschinen.jpg","datePublished":"2019-05-10T09:53:56+00:00","dateModified":"2024-04-15T15:34:29+00:00","description":"Ihr Spezialist f\u00fcr Stahlbearbeitung aus dem M\u00fcnsterland","breadcrumb":{"@id":"https:\/\/www.wegener-stahlservice.com\/fr\/traitement-des-toles\/#breadcrumb"},"inLanguage":"fr-FR","potentialAction":[{"@type":"ReadAction","target":["https:\/\/www.wegener-stahlservice.com\/fr\/traitement-des-toles\/"]}]},{"@type":"ImageObject","inLanguage":"fr-FR","@id":"https:\/\/www.wegener-stahlservice.com\/fr\/traitement-des-toles\/#primaryimage","url":"https:\/\/www.wegener-stahlservice.com\/wp-content\/uploads\/2019\/05\/abcoilanlage-blechausgabe-wegener-stahlserviceuebersicht-maschinen.jpg","contentUrl":"https:\/\/www.wegener-stahlservice.com\/wp-content\/uploads\/2019\/05\/abcoilanlage-blechausgabe-wegener-stahlserviceuebersicht-maschinen.jpg","width":1920,"height":1280,"caption":"Blick in die Produktionshalle"},{"@type":"BreadcrumbList","@id":"https:\/\/www.wegener-stahlservice.com\/fr\/traitement-des-toles\/#breadcrumb","itemListElement":[{"@type":"ListItem","position":1,"name":"Home","item":"https:\/\/www.wegener-stahlservice.com\/fr\/"},{"@type":"ListItem","position":2,"name":"Traitement des t\u00f4les"}]},{"@type":"WebSite","@id":"https:\/\/www.wegener-stahlservice.com\/fr\/#website","url":"https:\/\/www.wegener-stahlservice.com\/fr\/","name":"Stahlservice Wegener","description":"Votre sp\u00e9cialiste du traitement de l&#039;acier dans le M\u00fcnsterland","publisher":{"@id":"https:\/\/www.wegener-stahlservice.com\/fr\/#organization"},"potentialAction":[{"@type":"SearchAction","target":{"@type":"EntryPoint","urlTemplate":"https:\/\/www.wegener-stahlservice.com\/fr\/?s={search_term_string}"},"query-input":{"@type":"PropertyValueSpecification","valueRequired":true,"valueName":"search_term_string"}}],"inLanguage":"fr-FR"},{"@type":"Organization","@id":"https:\/\/www.wegener-stahlservice.com\/fr\/#organization","name":"Wegener Stahlservice KG","url":"https:\/\/www.wegener-stahlservice.com\/fr\/","logo":{"@type":"ImageObject","inLanguage":"fr-FR","@id":"https:\/\/www.wegener-stahlservice.com\/fr\/#\/schema\/logo\/image\/","url":"https:\/\/www.wegener-stahlservice.com\/wp-content\/uploads\/2021\/09\/Wegener-Stahlservice-Logo.png","contentUrl":"https:\/\/www.wegener-stahlservice.com\/wp-content\/uploads\/2021\/09\/Wegener-Stahlservice-Logo.png","width":127,"height":124,"caption":"Wegener Stahlservice KG"},"image":{"@id":"https:\/\/www.wegener-stahlservice.com\/fr\/#\/schema\/logo\/image\/"}}]}},"_links":{"self":[{"href":"https:\/\/www.wegener-stahlservice.com\/fr\/wp-json\/wp\/v2\/pages\/3309","targetHints":{"allow":["GET"]}}],"collection":[{"href":"https:\/\/www.wegener-stahlservice.com\/fr\/wp-json\/wp\/v2\/pages"}],"about":[{"href":"https:\/\/www.wegener-stahlservice.com\/fr\/wp-json\/wp\/v2\/types\/page"}],"author":[{"embeddable":true,"href":"https:\/\/www.wegener-stahlservice.com\/fr\/wp-json\/wp\/v2\/users\/4"}],"replies":[{"embeddable":true,"href":"https:\/\/www.wegener-stahlservice.com\/fr\/wp-json\/wp\/v2\/comments?post=3309"}],"version-history":[{"count":5,"href":"https:\/\/www.wegener-stahlservice.com\/fr\/wp-json\/wp\/v2\/pages\/3309\/revisions"}],"predecessor-version":[{"id":5716,"href":"https:\/\/www.wegener-stahlservice.com\/fr\/wp-json\/wp\/v2\/pages\/3309\/revisions\/5716"}],"wp:featuredmedia":[{"embeddable":true,"href":"https:\/\/www.wegener-stahlservice.com\/fr\/wp-json\/wp\/v2\/media\/3311"}],"wp:attachment":[{"href":"https:\/\/www.wegener-stahlservice.com\/fr\/wp-json\/wp\/v2\/media?parent=3309"}],"curies":[{"name":"wp","href":"https:\/\/api.w.org\/{rel}","templated":true}]}}