{"id":3275,"date":"2019-05-10T11:48:56","date_gmt":"2019-05-10T09:48:56","guid":{"rendered":"https:\/\/www.wegener-stahlservice.com\/?page_id=3275"},"modified":"2024-04-15T17:16:28","modified_gmt":"2024-04-15T15:16:28","slug":"toles-quarto","status":"publish","type":"page","link":"https:\/\/www.wegener-stahlservice.com\/fr\/matieres-premieres\/toles-quarto\/","title":{"rendered":"T\u00f4les quarto"},"content":{"rendered":"<div uk-lightbox=\"toggle:.lightbox_image\"><div id=\"pl-3275\"  class=\"panel-layout\" ><div id=\"pg-3275-0\"  class=\"panel-grid panel-no-style\" ><div id=\"pgc-3275-0-0\"  class=\"panel-grid-cell\" ><div id=\"panel-3275-0-0-0\" class=\"so-panel widget widget_web2_title_widget panel-first-child\" data-index=\"0\" ><div\n\t\t\t\n\t\t\tclass=\"so-widget-web2_title_widget so-widget-web2_title_widget-default-d75171398898-3275\"\n\t\t\t\n\t\t><div class=\"page--title\"><h1 class=\"web2-title textalign--left title--styled narrow web2-title-- uk-text-left page-title title\"><span class=\"web2-title--headline\">T\u00f4les quarto.<\/span><span class=\"web2-title--subline\"><\/span><\/h1><\/div><\/div><\/div><div id=\"panel-3275-0-0-1\" class=\"so-panel widget widget_sow-editor\" data-index=\"1\" ><div\n\t\t\t\n\t\t\tclass=\"so-widget-sow-editor so-widget-sow-editor-base\"\n\t\t\t\n\t\t>\n<div class=\"siteorigin-widget-tinymce textwidget\">\n\t<p><!-- wp:paragraph --><\/p>\n<p>Les t\u00f4les quarto se caract\u00e9risent par une r\u00e9sistance m\u00e9canique \u00e9lev\u00e9e, une grande facilit\u00e9 de traitement, par exemple pour le soudage, et une disposition pour le grenaillage et les appr\u00eats. Gr\u00e2ce \u00e0 ces propri\u00e9t\u00e9s, elles sont utilis\u00e9es notamment pour la construction de ponts, de navires et d'\u00e9oliennes. Les t\u00f4les quarto sont utilis\u00e9es lorsqu'il faut recourir \u00e0 des t\u00f4les de grande \u00e9paisseur et des composants aux dimensions \u00e9lev\u00e9es.<\/p>\n<p><!-- \/wp:paragraph --><\/p>\n<\/div>\n<\/div><\/div><div id=\"panel-3275-0-0-2\" class=\"so-panel widget widget_sow-editor\" data-index=\"2\" ><div class=\"panel-widget-style panel-widget-style-for-3275-0-0-2\" ><div\n\t\t\t\n\t\t\tclass=\"so-widget-sow-editor so-widget-sow-editor-base\"\n\t\t\t\n\t\t>\n<div class=\"siteorigin-widget-tinymce textwidget\">\n\t<p>Qualit\u00e9s : S355J2C+N (1.0579)<\/p>\n<p>Certificats de contr\u00f4le : 3.1<br \/>\n\u00c9paisseur du mat\u00e9riau : 6 \u2013 30 mm<\/p>\n<p>Largeur: jusqu'\u00e0 3 000 mm<br \/>\nLongueur : jusqu'\u00e0 15 000 mm<\/p>\n<\/div>\n<\/div><\/div><\/div><div id=\"panel-3275-0-0-3\" class=\"so-panel widget widget_sow-editor panel-last-child\" data-index=\"3\" ><div\n\t\t\t\n\t\t\tclass=\"so-widget-sow-editor so-widget-sow-editor-base\"\n\t\t\t\n\t\t>\n<div class=\"siteorigin-widget-tinymce textwidget\">\n\t<p><!-- wp:paragraph --><\/p>\n<p>Vous avez besoin de mat\u00e9riaux pr\u00e9sentant d'autres sp\u00e9cifications ? Outre les exemples mentionn\u00e9s, nous disposons de bien d'autres mat\u00e9riaux encore. N'h\u00e9sitez pas \u00e0 nous contacter !<\/p>\n<p><!-- \/wp:paragraph --><\/p>\n<\/div>\n<\/div><\/div><\/div><div id=\"pgc-3275-0-1\"  class=\"panel-grid-cell\" ><div id=\"panel-3275-0-1-0\" class=\"so-panel widget widget_media_gallery panel-first-child panel-last-child\" data-index=\"4\" ><div class=\"stretch_widget widget_stretch_right panel-widget-style panel-widget-style-for-3275-0-1-0\" ><div class='uk-child-width-1-2 uk-child-width-1-1@s'  uk-grid uk-lightbox><div class=\"uk-text-center\"><div class=\"uk-display-inline-block\"><a href=\"https:\/\/www.wegener-stahlservice.com\/wp-content\/uploads\/2019\/08\/quartobleche-wegener-stahlservice-draufsicht-stapel.jpg\" XXX rel=\"lightbox\" class=\"lightbox_image\"><img src='https:\/\/www.wegener-stahlservice.com\/wp-content\/uploads\/2019\/08\/quartobleche-wegener-stahlservice-draufsicht-stapel.jpg'><\/a><div class='uk-text-center caption'><small><\/small><\/div><\/div><\/div><div class=\"uk-text-center\"><div class=\"uk-display-inline-block\"><a href=\"https:\/\/www.wegener-stahlservice.com\/wp-content\/uploads\/2019\/08\/quartobleche-wegener-stahlservice-blechstapel-durchgang.jpg\" XXX rel=\"lightbox\" class=\"lightbox_image\"><img src='https:\/\/www.wegener-stahlservice.com\/wp-content\/uploads\/2019\/08\/quartobleche-wegener-stahlservice-blechstapel-durchgang.jpg'><\/a><div class='uk-text-center caption'><small><\/small><\/div><\/div><\/div><\/div><\/div><\/div><\/div><\/div><\/div><\/div>","protected":false},"excerpt":{"rendered":"<p>Les t\u00f4les quarto se caract\u00e9risent par une r\u00e9sistance m\u00e9canique \u00e9lev\u00e9e, une grande facilit\u00e9 de traitement, par exemple pour le soudage, et une disposition pour le grenaillage et les appr\u00eats. Gr\u00e2ce \u00e0 ces propri\u00e9t\u00e9s, elles sont utilis\u00e9es notamment pour la construction de ponts, de navires et d&#8217;\u00e9oliennes. Les t\u00f4les quarto sont utilis\u00e9es lorsqu&#8217;il faut recourir \u00e0 [&hellip;]<\/p>\n","protected":false},"author":4,"featured_media":3277,"parent":3265,"menu_order":1,"comment_status":"closed","ping_status":"closed","template":"","meta":{"footnotes":""},"class_list":["post-3275","page","type-page","status-publish","has-post-thumbnail","hentry"],"yoast_head":"<!-- This site is optimized with the Yoast SEO plugin v27.4 - https:\/\/yoast.com\/product\/yoast-seo-wordpress\/ -->\n<title>T\u00f4les quarto - Stahlservice Wegener<\/title>\n<meta name=\"description\" content=\"Ihr Spezialist f\u00fcr Stahlbearbeitung aus dem M\u00fcnsterland\" \/>\n<meta name=\"robots\" content=\"index, follow, max-snippet:-1, max-image-preview:large, max-video-preview:-1\" \/>\n<link rel=\"canonical\" href=\"https:\/\/www.wegener-stahlservice.com\/fr\/matieres-premieres\/toles-quarto\/\" \/>\n<meta property=\"og:locale\" content=\"fr_FR\" \/>\n<meta property=\"og:type\" content=\"article\" \/>\n<meta property=\"og:title\" content=\"T\u00f4les quarto - Stahlservice Wegener\" \/>\n<meta property=\"og:description\" content=\"Ihr Spezialist f\u00fcr Stahlbearbeitung aus dem M\u00fcnsterland\" \/>\n<meta property=\"og:url\" content=\"https:\/\/www.wegener-stahlservice.com\/fr\/matieres-premieres\/toles-quarto\/\" \/>\n<meta property=\"og:site_name\" content=\"Stahlservice Wegener\" \/>\n<meta property=\"article:modified_time\" content=\"2024-04-15T15:16:28+00:00\" \/>\n<meta property=\"og:image\" content=\"https:\/\/www.wegener-stahlservice.com\/wp-content\/uploads\/2019\/08\/quartobleche-wegener-stahlservice-nahaufnahme-blechstapel.jpg\" \/>\n<meta name=\"twitter:card\" content=\"summary_large_image\" \/>\n<meta name=\"twitter:label1\" content=\"Dur\u00e9e de lecture estim\u00e9e\" \/>\n\t<meta name=\"twitter:data1\" content=\"1 minute\" \/>\n<!-- \/ Yoast SEO plugin. -->","yoast_head_json":{"title":"T\u00f4les quarto - Stahlservice Wegener","description":"Ihr Spezialist f\u00fcr Stahlbearbeitung aus dem M\u00fcnsterland","robots":{"index":"index","follow":"follow","max-snippet":"max-snippet:-1","max-image-preview":"max-image-preview:large","max-video-preview":"max-video-preview:-1"},"canonical":"https:\/\/www.wegener-stahlservice.com\/fr\/matieres-premieres\/toles-quarto\/","og_locale":"fr_FR","og_type":"article","og_title":"T\u00f4les quarto - Stahlservice Wegener","og_description":"Ihr Spezialist f\u00fcr Stahlbearbeitung aus dem M\u00fcnsterland","og_url":"https:\/\/www.wegener-stahlservice.com\/fr\/matieres-premieres\/toles-quarto\/","og_site_name":"Stahlservice Wegener","article_modified_time":"2024-04-15T15:16:28+00:00","og_image":[{"url":"https:\/\/www.wegener-stahlservice.com\/wp-content\/uploads\/2019\/08\/quartobleche-wegener-stahlservice-nahaufnahme-blechstapel.jpg","type":"","width":"","height":""}],"twitter_card":"summary_large_image","twitter_misc":{"Dur\u00e9e de lecture estim\u00e9e":"1 minute"},"schema":{"@context":"https:\/\/schema.org","@graph":[{"@type":"WebPage","@id":"https:\/\/www.wegener-stahlservice.com\/fr\/matieres-premieres\/toles-quarto\/","url":"https:\/\/www.wegener-stahlservice.com\/fr\/matieres-premieres\/toles-quarto\/","name":"T\u00f4les quarto - Stahlservice Wegener","isPartOf":{"@id":"https:\/\/www.wegener-stahlservice.com\/fr\/#website"},"primaryImageOfPage":{"@id":"https:\/\/www.wegener-stahlservice.com\/fr\/matieres-premieres\/toles-quarto\/#primaryimage"},"image":{"@id":"https:\/\/www.wegener-stahlservice.com\/fr\/matieres-premieres\/toles-quarto\/#primaryimage"},"thumbnailUrl":"https:\/\/www.wegener-stahlservice.com\/wp-content\/uploads\/2019\/08\/quartobleche-wegener-stahlservice-nahaufnahme-blechstapel.jpg","datePublished":"2019-05-10T09:48:56+00:00","dateModified":"2024-04-15T15:16:28+00:00","description":"Ihr Spezialist f\u00fcr Stahlbearbeitung aus dem M\u00fcnsterland","breadcrumb":{"@id":"https:\/\/www.wegener-stahlservice.com\/fr\/matieres-premieres\/toles-quarto\/#breadcrumb"},"inLanguage":"fr-FR","potentialAction":[{"@type":"ReadAction","target":["https:\/\/www.wegener-stahlservice.com\/fr\/matieres-premieres\/toles-quarto\/"]}]},{"@type":"ImageObject","inLanguage":"fr-FR","@id":"https:\/\/www.wegener-stahlservice.com\/fr\/matieres-premieres\/toles-quarto\/#primaryimage","url":"https:\/\/www.wegener-stahlservice.com\/wp-content\/uploads\/2019\/08\/quartobleche-wegener-stahlservice-nahaufnahme-blechstapel.jpg","contentUrl":"https:\/\/www.wegener-stahlservice.com\/wp-content\/uploads\/2019\/08\/quartobleche-wegener-stahlservice-nahaufnahme-blechstapel.jpg","width":1920,"height":1280},{"@type":"BreadcrumbList","@id":"https:\/\/www.wegener-stahlservice.com\/fr\/matieres-premieres\/toles-quarto\/#breadcrumb","itemListElement":[{"@type":"ListItem","position":1,"name":"Home","item":"https:\/\/www.wegener-stahlservice.com\/fr\/"},{"@type":"ListItem","position":2,"name":"Mati\u00e8res premi\u00e8res","item":"https:\/\/www.wegener-stahlservice.com\/fr\/matieres-premieres\/"},{"@type":"ListItem","position":3,"name":"T\u00f4les quarto"}]},{"@type":"WebSite","@id":"https:\/\/www.wegener-stahlservice.com\/fr\/#website","url":"https:\/\/www.wegener-stahlservice.com\/fr\/","name":"Stahlservice Wegener","description":"Votre sp\u00e9cialiste du traitement de l&#039;acier dans le M\u00fcnsterland","publisher":{"@id":"https:\/\/www.wegener-stahlservice.com\/fr\/#organization"},"potentialAction":[{"@type":"SearchAction","target":{"@type":"EntryPoint","urlTemplate":"https:\/\/www.wegener-stahlservice.com\/fr\/?s={search_term_string}"},"query-input":{"@type":"PropertyValueSpecification","valueRequired":true,"valueName":"search_term_string"}}],"inLanguage":"fr-FR"},{"@type":"Organization","@id":"https:\/\/www.wegener-stahlservice.com\/fr\/#organization","name":"Wegener Stahlservice KG","url":"https:\/\/www.wegener-stahlservice.com\/fr\/","logo":{"@type":"ImageObject","inLanguage":"fr-FR","@id":"https:\/\/www.wegener-stahlservice.com\/fr\/#\/schema\/logo\/image\/","url":"https:\/\/www.wegener-stahlservice.com\/wp-content\/uploads\/2021\/09\/Wegener-Stahlservice-Logo.png","contentUrl":"https:\/\/www.wegener-stahlservice.com\/wp-content\/uploads\/2021\/09\/Wegener-Stahlservice-Logo.png","width":127,"height":124,"caption":"Wegener Stahlservice KG"},"image":{"@id":"https:\/\/www.wegener-stahlservice.com\/fr\/#\/schema\/logo\/image\/"}}]}},"_links":{"self":[{"href":"https:\/\/www.wegener-stahlservice.com\/fr\/wp-json\/wp\/v2\/pages\/3275","targetHints":{"allow":["GET"]}}],"collection":[{"href":"https:\/\/www.wegener-stahlservice.com\/fr\/wp-json\/wp\/v2\/pages"}],"about":[{"href":"https:\/\/www.wegener-stahlservice.com\/fr\/wp-json\/wp\/v2\/types\/page"}],"author":[{"embeddable":true,"href":"https:\/\/www.wegener-stahlservice.com\/fr\/wp-json\/wp\/v2\/users\/4"}],"replies":[{"embeddable":true,"href":"https:\/\/www.wegener-stahlservice.com\/fr\/wp-json\/wp\/v2\/comments?post=3275"}],"version-history":[{"count":5,"href":"https:\/\/www.wegener-stahlservice.com\/fr\/wp-json\/wp\/v2\/pages\/3275\/revisions"}],"predecessor-version":[{"id":5708,"href":"https:\/\/www.wegener-stahlservice.com\/fr\/wp-json\/wp\/v2\/pages\/3275\/revisions\/5708"}],"up":[{"embeddable":true,"href":"https:\/\/www.wegener-stahlservice.com\/fr\/wp-json\/wp\/v2\/pages\/3265"}],"wp:featuredmedia":[{"embeddable":true,"href":"https:\/\/www.wegener-stahlservice.com\/fr\/wp-json\/wp\/v2\/media\/3277"}],"wp:attachment":[{"href":"https:\/\/www.wegener-stahlservice.com\/fr\/wp-json\/wp\/v2\/media?parent=3275"}],"curies":[{"name":"wp","href":"https:\/\/api.w.org\/{rel}","templated":true}]}}