{"id":3265,"date":"2019-05-10T11:43:11","date_gmt":"2019-05-10T09:43:11","guid":{"rendered":"https:\/\/www.wegener-stahlservice.com\/?page_id=3265"},"modified":"2024-04-22T14:31:43","modified_gmt":"2024-04-22T12:31:43","slug":"matieres-premieres","status":"publish","type":"page","link":"https:\/\/www.wegener-stahlservice.com\/fr\/matieres-premieres\/","title":{"rendered":"Mati\u00e8res premi\u00e8res"},"content":{"rendered":"<div uk-lightbox=\"toggle:.lightbox_image\"><div id=\"pl-3265\"  class=\"panel-layout\" ><div id=\"pg-3265-0\"  class=\"panel-grid panel-no-style\" ><div id=\"pgc-3265-0-0\"  class=\"panel-grid-cell\" ><div id=\"panel-3265-0-0-0\" class=\"so-panel widget widget_web2_title_widget panel-first-child\" data-index=\"0\" ><div\n\t\t\t\n\t\t\tclass=\"so-widget-web2_title_widget so-widget-web2_title_widget-default-d75171398898-3265\"\n\t\t\t\n\t\t><div class=\"page--title\"><h1 class=\"web2-title textalign--left title--styled narrow web2-title-- uk-text-left page-title title\"><span class=\"web2-title--headline\">Mati\u00e8res premi\u00e8res.<\/span><span class=\"web2-title--subline\"><\/span><\/h1><\/div><\/div><\/div><div id=\"panel-3265-0-0-1\" class=\"so-panel widget widget_sow-editor panel-last-child\" data-index=\"1\" ><div\n\t\t\t\n\t\t\tclass=\"so-widget-sow-editor so-widget-sow-editor-base\"\n\t\t\t\n\t\t>\n<div class=\"siteorigin-widget-tinymce textwidget\">\n\t<p>Nos d\u00e9lais de livraison courts vont vous enchanter. Gr\u00e2ce \u00e0 notre entrep\u00f4t bien fourni, nous sommes en mesure de r\u00e9pondre \u00e0 toutes les demandes, m\u00eame les plus urgentes. Nous conservons pour vous un large \u00e9ventail de mati\u00e8res premi\u00e8res diverses et vari\u00e9es. T\u00f4les en bandes, t\u00f4les quarto, t\u00f4les \u00e0 haute r\u00e9sistance, t\u00f4les r\u00e9sistant \u00e0 l'usure ou t\u00f4les en acier inoxydable... Nous pouvons vous fournir un grand nombre de mat\u00e9riaux courants rapidement et facilement.<\/p>\n<p>Si nous n'avons pas le mat\u00e9riau que vous souhaitez, nous pouvons nous procurer rapidement de grandes quantit\u00e9s et des formats sp\u00e9ciaux \u00e0 partir de notre stock ou via un nouveau laminage.<\/p>\n<\/div>\n<\/div><\/div><\/div><div id=\"pgc-3265-0-1\"  class=\"panel-grid-cell\" ><div id=\"panel-3265-0-1-0\" class=\"so-panel widget widget_media_gallery panel-first-child panel-last-child\" data-index=\"2\" ><div class=\"stretch_widget widget_stretch_right panel-widget-style panel-widget-style-for-3265-0-1-0\" ><div class='uk-child-width-1-2 uk-child-width-1-2@s'  uk-grid uk-lightbox><div class=\"uk-text-center\"><div class=\"uk-display-inline-block\"><a href=\"https:\/\/www.wegener-stahlservice.com\/wp-content\/uploads\/2022\/08\/wegener-stahlservice-arbeitsplatz-buero.jpg\" XXX rel=\"lightbox\" class=\"lightbox_image\"><img src='https:\/\/www.wegener-stahlservice.com\/wp-content\/uploads\/2022\/08\/wegener-stahlservice-arbeitsplatz-buero.jpg'><\/a><div class='uk-text-center caption'><small><\/small><\/div><\/div><\/div><div class=\"uk-text-center\"><div class=\"uk-display-inline-block\"><a href=\"https:\/\/www.wegener-stahlservice.com\/wp-content\/uploads\/2023\/03\/vormaterial-wegener-stahlservice-lagerung.jpg\" XXX rel=\"lightbox\" class=\"lightbox_image\"><img src='https:\/\/www.wegener-stahlservice.com\/wp-content\/uploads\/2023\/03\/vormaterial-wegener-stahlservice-lagerung.jpg'><\/a><div class='uk-text-center caption'><small><\/small><\/div><\/div><\/div><div class=\"uk-text-center\"><div class=\"uk-display-inline-block\"><a href=\"https:\/\/www.wegener-stahlservice.com\/wp-content\/uploads\/2023\/03\/brammen-wegener-stahlservice-gelagert.jpg\" XXX rel=\"lightbox\" class=\"lightbox_image\"><img src='https:\/\/www.wegener-stahlservice.com\/wp-content\/uploads\/2023\/03\/brammen-wegener-stahlservice-gelagert.jpg'><\/a><div class='uk-text-center caption'><small><\/small><\/div><\/div><\/div><\/div><\/div><\/div><\/div><\/div><\/div><\/div>","protected":false},"excerpt":{"rendered":"<p>Nos d\u00e9lais de livraison courts vont vous enchanter. Gr\u00e2ce \u00e0 notre entrep\u00f4t bien fourni, nous sommes en mesure de r\u00e9pondre \u00e0 toutes les demandes, m\u00eame les plus urgentes. Nous conservons pour vous un large \u00e9ventail de mati\u00e8res premi\u00e8res diverses et vari\u00e9es. T\u00f4les en bandes, t\u00f4les quarto, t\u00f4les \u00e0 haute r\u00e9sistance, t\u00f4les r\u00e9sistant \u00e0 l&#8217;usure ou [&hellip;]<\/p>\n","protected":false},"author":4,"featured_media":3267,"parent":0,"menu_order":2,"comment_status":"closed","ping_status":"closed","template":"","meta":{"footnotes":""},"class_list":["post-3265","page","type-page","status-publish","has-post-thumbnail","hentry"],"yoast_head":"<!-- This site is optimized with the Yoast SEO plugin v27.4 - https:\/\/yoast.com\/product\/yoast-seo-wordpress\/ -->\n<title>Mati\u00e8res premi\u00e8res - Stahlservice Wegener<\/title>\n<meta name=\"description\" content=\"Ihr Spezialist f\u00fcr Stahlbearbeitung aus dem M\u00fcnsterland\" \/>\n<meta name=\"robots\" content=\"index, follow, max-snippet:-1, max-image-preview:large, max-video-preview:-1\" \/>\n<link rel=\"canonical\" href=\"https:\/\/www.wegener-stahlservice.com\/fr\/matieres-premieres\/\" \/>\n<meta property=\"og:locale\" content=\"fr_FR\" \/>\n<meta property=\"og:type\" content=\"article\" \/>\n<meta property=\"og:title\" content=\"Mati\u00e8res premi\u00e8res - Stahlservice Wegener\" \/>\n<meta property=\"og:description\" content=\"Ihr Spezialist f\u00fcr Stahlbearbeitung aus dem M\u00fcnsterland\" \/>\n<meta property=\"og:url\" content=\"https:\/\/www.wegener-stahlservice.com\/fr\/matieres-premieres\/\" \/>\n<meta property=\"og:site_name\" content=\"Stahlservice Wegener\" \/>\n<meta property=\"article:modified_time\" content=\"2024-04-22T12:31:43+00:00\" \/>\n<meta property=\"og:image\" content=\"https:\/\/www.wegener-stahlservice.com\/wp-content\/uploads\/2019\/08\/DSC01257-OPT-SCHMITZ-TOP-Zuschnitt-kl.jpg\" \/>\n<meta name=\"twitter:card\" content=\"summary_large_image\" \/>\n<meta name=\"twitter:label1\" content=\"Dur\u00e9e de lecture estim\u00e9e\" \/>\n\t<meta name=\"twitter:data1\" content=\"1 minute\" \/>\n<!-- \/ Yoast SEO plugin. -->","yoast_head_json":{"title":"Mati\u00e8res premi\u00e8res - Stahlservice Wegener","description":"Ihr Spezialist f\u00fcr Stahlbearbeitung aus dem M\u00fcnsterland","robots":{"index":"index","follow":"follow","max-snippet":"max-snippet:-1","max-image-preview":"max-image-preview:large","max-video-preview":"max-video-preview:-1"},"canonical":"https:\/\/www.wegener-stahlservice.com\/fr\/matieres-premieres\/","og_locale":"fr_FR","og_type":"article","og_title":"Mati\u00e8res premi\u00e8res - Stahlservice Wegener","og_description":"Ihr Spezialist f\u00fcr Stahlbearbeitung aus dem M\u00fcnsterland","og_url":"https:\/\/www.wegener-stahlservice.com\/fr\/matieres-premieres\/","og_site_name":"Stahlservice Wegener","article_modified_time":"2024-04-22T12:31:43+00:00","og_image":[{"url":"https:\/\/www.wegener-stahlservice.com\/wp-content\/uploads\/2019\/08\/DSC01257-OPT-SCHMITZ-TOP-Zuschnitt-kl.jpg","type":"","width":"","height":""}],"twitter_card":"summary_large_image","twitter_misc":{"Dur\u00e9e de lecture estim\u00e9e":"1 minute"},"schema":{"@context":"https:\/\/schema.org","@graph":[{"@type":"WebPage","@id":"https:\/\/www.wegener-stahlservice.com\/fr\/matieres-premieres\/","url":"https:\/\/www.wegener-stahlservice.com\/fr\/matieres-premieres\/","name":"Mati\u00e8res premi\u00e8res - Stahlservice Wegener","isPartOf":{"@id":"https:\/\/www.wegener-stahlservice.com\/fr\/#website"},"primaryImageOfPage":{"@id":"https:\/\/www.wegener-stahlservice.com\/fr\/matieres-premieres\/#primaryimage"},"image":{"@id":"https:\/\/www.wegener-stahlservice.com\/fr\/matieres-premieres\/#primaryimage"},"thumbnailUrl":"https:\/\/www.wegener-stahlservice.com\/wp-content\/uploads\/2019\/08\/DSC01257-OPT-SCHMITZ-TOP-Zuschnitt-kl.jpg","datePublished":"2019-05-10T09:43:11+00:00","dateModified":"2024-04-22T12:31:43+00:00","description":"Ihr Spezialist f\u00fcr Stahlbearbeitung aus dem M\u00fcnsterland","breadcrumb":{"@id":"https:\/\/www.wegener-stahlservice.com\/fr\/matieres-premieres\/#breadcrumb"},"inLanguage":"fr-FR","potentialAction":[{"@type":"ReadAction","target":["https:\/\/www.wegener-stahlservice.com\/fr\/matieres-premieres\/"]}]},{"@type":"ImageObject","inLanguage":"fr-FR","@id":"https:\/\/www.wegener-stahlservice.com\/fr\/matieres-premieres\/#primaryimage","url":"https:\/\/www.wegener-stahlservice.com\/wp-content\/uploads\/2019\/08\/DSC01257-OPT-SCHMITZ-TOP-Zuschnitt-kl.jpg","contentUrl":"https:\/\/www.wegener-stahlservice.com\/wp-content\/uploads\/2019\/08\/DSC01257-OPT-SCHMITZ-TOP-Zuschnitt-kl.jpg","width":1920,"height":1280,"caption":"Eine gro\u00dfe Lagerhalle mit vielen Metallrollen."},{"@type":"BreadcrumbList","@id":"https:\/\/www.wegener-stahlservice.com\/fr\/matieres-premieres\/#breadcrumb","itemListElement":[{"@type":"ListItem","position":1,"name":"Home","item":"https:\/\/www.wegener-stahlservice.com\/fr\/"},{"@type":"ListItem","position":2,"name":"Mati\u00e8res premi\u00e8res"}]},{"@type":"WebSite","@id":"https:\/\/www.wegener-stahlservice.com\/fr\/#website","url":"https:\/\/www.wegener-stahlservice.com\/fr\/","name":"Stahlservice Wegener","description":"Votre sp\u00e9cialiste du traitement de l&#039;acier dans le M\u00fcnsterland","publisher":{"@id":"https:\/\/www.wegener-stahlservice.com\/fr\/#organization"},"potentialAction":[{"@type":"SearchAction","target":{"@type":"EntryPoint","urlTemplate":"https:\/\/www.wegener-stahlservice.com\/fr\/?s={search_term_string}"},"query-input":{"@type":"PropertyValueSpecification","valueRequired":true,"valueName":"search_term_string"}}],"inLanguage":"fr-FR"},{"@type":"Organization","@id":"https:\/\/www.wegener-stahlservice.com\/fr\/#organization","name":"Wegener Stahlservice KG","url":"https:\/\/www.wegener-stahlservice.com\/fr\/","logo":{"@type":"ImageObject","inLanguage":"fr-FR","@id":"https:\/\/www.wegener-stahlservice.com\/fr\/#\/schema\/logo\/image\/","url":"https:\/\/www.wegener-stahlservice.com\/wp-content\/uploads\/2021\/09\/Wegener-Stahlservice-Logo.png","contentUrl":"https:\/\/www.wegener-stahlservice.com\/wp-content\/uploads\/2021\/09\/Wegener-Stahlservice-Logo.png","width":127,"height":124,"caption":"Wegener Stahlservice KG"},"image":{"@id":"https:\/\/www.wegener-stahlservice.com\/fr\/#\/schema\/logo\/image\/"}}]}},"_links":{"self":[{"href":"https:\/\/www.wegener-stahlservice.com\/fr\/wp-json\/wp\/v2\/pages\/3265","targetHints":{"allow":["GET"]}}],"collection":[{"href":"https:\/\/www.wegener-stahlservice.com\/fr\/wp-json\/wp\/v2\/pages"}],"about":[{"href":"https:\/\/www.wegener-stahlservice.com\/fr\/wp-json\/wp\/v2\/types\/page"}],"author":[{"embeddable":true,"href":"https:\/\/www.wegener-stahlservice.com\/fr\/wp-json\/wp\/v2\/users\/4"}],"replies":[{"embeddable":true,"href":"https:\/\/www.wegener-stahlservice.com\/fr\/wp-json\/wp\/v2\/comments?post=3265"}],"version-history":[{"count":5,"href":"https:\/\/www.wegener-stahlservice.com\/fr\/wp-json\/wp\/v2\/pages\/3265\/revisions"}],"predecessor-version":[{"id":5786,"href":"https:\/\/www.wegener-stahlservice.com\/fr\/wp-json\/wp\/v2\/pages\/3265\/revisions\/5786"}],"wp:featuredmedia":[{"embeddable":true,"href":"https:\/\/www.wegener-stahlservice.com\/fr\/wp-json\/wp\/v2\/media\/3267"}],"wp:attachment":[{"href":"https:\/\/www.wegener-stahlservice.com\/fr\/wp-json\/wp\/v2\/media?parent=3265"}],"curies":[{"name":"wp","href":"https:\/\/api.w.org\/{rel}","templated":true}]}}